{"id":15373,"date":"2024-05-15T07:08:54","date_gmt":"2024-05-15T07:08:54","guid":{"rendered":"https:\/\/varendcorso.webstudio.nl\/planen-sie-ihren-besuch\/parken-oeffentliche-verkehrsmittel\/"},"modified":"2024-06-04T13:09:25","modified_gmt":"2024-06-04T13:09:25","slug":"parken-oeffentliche-verkehrsmittel","status":"publish","type":"page","link":"https:\/\/varendcorso.nl\/de\/planen-sie-ihren-besuch\/parken-oeffentliche-verkehrsmittel\/","title":{"rendered":"Parken &amp; \u00f6ffentliche Verkehrsmittel"},"content":{"rendered":"\t\t<div data-elementor-type=\"wp-page\" data-elementor-id=\"15373\" class=\"elementor elementor-15373 elementor-158\" data-elementor-post-type=\"page\">\n\t\t\t\t<div class=\"elementor-element elementor-element-25fc1b7 e-flex e-con-boxed e-con e-parent\" data-id=\"25fc1b7\" data-element_type=\"container\" data-e-type=\"container\" data-settings=\"{&quot;jet_parallax_layout_list&quot;:[]}\">\n\t\t\t\t\t<div class=\"e-con-inner\">\n\t\t\t\t<div class=\"elementor-element elementor-element-1b44bca elementor-widget elementor-widget-heading\" data-id=\"1b44bca\" data-element_type=\"widget\" data-e-type=\"widget\" data-widget_type=\"heading.default\">\n\t\t\t\t<div class=\"elementor-widget-container\">\n\t\t\t\t\t<h2 class=\"elementor-heading-title elementor-size-default\">Parken &amp; \u00f6ffentliche Verkehrsmittel<\/h2>\t\t\t\t<\/div>\n\t\t\t\t<\/div>\n\t\t\t\t\t<\/div>\n\t\t\t\t<\/div>\n\t\t<div class=\"elementor-element elementor-element-52d428a1 e-flex e-con-boxed e-con e-parent\" data-id=\"52d428a1\" data-element_type=\"container\" data-e-type=\"container\" data-settings=\"{&quot;jet_parallax_layout_list&quot;:[],&quot;background_background&quot;:&quot;classic&quot;}\">\n\t\t\t\t\t<div class=\"e-con-inner\">\n\t\t<div class=\"elementor-element elementor-element-5c4a8c0f e-flex e-con-boxed e-con e-child\" data-id=\"5c4a8c0f\" data-element_type=\"container\" data-e-type=\"container\" data-settings=\"{&quot;jet_parallax_layout_list&quot;:[]}\">\n\t\t\t\t\t<div class=\"e-con-inner\">\n\t\t\t\t<div class=\"elementor-element elementor-element-262ecc76 elementor-widget elementor-widget-heading\" data-id=\"262ecc76\" data-element_type=\"widget\" data-e-type=\"widget\" data-widget_type=\"heading.default\">\n\t\t\t\t<div class=\"elementor-widget-container\">\n\t\t\t\t\t<h2 class=\"elementor-heading-title elementor-size-default\">Parken<\/h2>\t\t\t\t<\/div>\n\t\t\t\t<\/div>\n\t\t\t\t<div class=\"elementor-element elementor-element-26390952 elementor-widget elementor-widget-text-editor\" data-id=\"26390952\" data-element_type=\"widget\" data-e-type=\"widget\" data-widget_type=\"text-editor.default\">\n\t\t\t\t<div class=\"elementor-widget-container\">\n\t\t\t\t\t\t\t\t\t<p>Besucher, die mit dem Auto nach Varend Corso Westland kommen, tun gut daran, p\u00fcnktlich loszufahren. In der Tat ist die Gegend rund um die Bootsfahrtroute w\u00e4hrend der dreit\u00e4gigen Veranstaltung sehr belebt. Delft verf\u00fcgt \u00fcber Parkh\u00e4user, in denen Sie Ihr Auto abstellen k\u00f6nnen.<\/p>\n<p><strong>Westland<\/strong><\/p>\n<p>Parkpl\u00e4tze sind an mehreren Stellen in Westland vorhanden. Wir listen hier die besten Optionen auf. In der N\u00e4he der Polizeistation an der Vierschaar in Naaldwijk k\u00f6nnen Sie Ihr Auto parken. Von dort aus ist es nur ein kurzer Spaziergang zum Wasser. Auch am Hollewatering in Kwintsheul und im Van der Ende Racing Inn am Nieuweweg in Poeldijk gibt es Platz.<\/p>\n<p><strong>Den Haag<\/strong><\/p>\n<p>Besucher, die am Samstag im Uithof in Den Haag zuschauen m\u00f6chten, k\u00f6nnen den Parkplatz des Sportzentrums nutzen, von dort aus ist es eine kurze Strecke bis zum Hafenviertel.<\/p>\n<p><strong>Delft<\/strong><\/p>\n<p>Besucher, die die Parade entlang der Delfter Wasserstra\u00dfen beobachten m\u00f6chten, k\u00f6nnen die Parkpl\u00e4tze in der Stadt nutzen. Vom South Gate und der Market-Garage sind es nur ein paar Minuten zu Fu\u00df bis zur Schifffahrtsstra\u00dfe. Sie k\u00f6nnen auch die Garage des Prinsenhofs benutzen<\/p>\n\t\t\t\t\t\t\t\t<\/div>\n\t\t\t\t<\/div>\n\t\t\t\t\t<\/div>\n\t\t\t\t<\/div>\n\t\t<div class=\"elementor-element elementor-element-227810a7 e-flex e-con-boxed e-con e-child\" data-id=\"227810a7\" data-element_type=\"container\" data-e-type=\"container\" data-settings=\"{&quot;jet_parallax_layout_list&quot;:[],&quot;sticky&quot;:&quot;top&quot;,&quot;sticky_parent&quot;:&quot;yes&quot;,&quot;sticky_on&quot;:[&quot;desktop&quot;,&quot;tablet&quot;,&quot;mobile&quot;],&quot;sticky_offset&quot;:0,&quot;sticky_effects_offset&quot;:0,&quot;sticky_anchor_link_offset&quot;:0}\">\n\t\t\t\t\t<div class=\"e-con-inner\">\n\t\t\t\t<div class=\"elementor-element elementor-element-e9cce35 elementor-widget elementor-widget-image\" data-id=\"e9cce35\" data-element_type=\"widget\" data-e-type=\"widget\" data-widget_type=\"image.default\">\n\t\t\t\t<div class=\"elementor-widget-container\">\n\t\t\t\t\t\t\t\t\t\t\t\t\t\t\t<img fetchpriority=\"high\" decoding=\"async\" width=\"800\" height=\"534\" src=\"https:\/\/varendcorso.nl\/wp-content\/uploads\/2024\/05\/2AR2056-1024x683.jpg\" class=\"attachment-large size-large wp-image-15246\" alt=\"\" srcset=\"https:\/\/varendcorso.nl\/wp-content\/uploads\/2024\/05\/2AR2056-1024x683.jpg 1024w, https:\/\/varendcorso.nl\/wp-content\/uploads\/2024\/05\/2AR2056-300x200.jpg 300w, https:\/\/varendcorso.nl\/wp-content\/uploads\/2024\/05\/2AR2056-768x512.jpg 768w, https:\/\/varendcorso.nl\/wp-content\/uploads\/2024\/05\/2AR2056-1536x1024.jpg 1536w, https:\/\/varendcorso.nl\/wp-content\/uploads\/2024\/05\/2AR2056-2048x1365.jpg 2048w\" sizes=\"(max-width: 800px) 100vw, 800px\" \/>\t\t\t\t\t\t\t\t\t\t\t\t\t\t\t<\/div>\n\t\t\t\t<\/div>\n\t\t\t\t\t<\/div>\n\t\t\t\t<\/div>\n\t\t\t\t\t<\/div>\n\t\t\t\t<\/div>\n\t\t<div class=\"elementor-element elementor-element-1265a01 e-con-full e-flex e-con e-parent\" data-id=\"1265a01\" data-element_type=\"container\" data-e-type=\"container\" data-settings=\"{&quot;jet_parallax_layout_list&quot;:[]}\">\n\t\t\t\t<div class=\"elementor-element elementor-element-2c5b92b elementor-widget__width-inherit elementor-widget elementor-widget-template\" data-id=\"2c5b92b\" data-element_type=\"widget\" data-e-type=\"widget\" data-widget_type=\"template.default\">\n\t\t\t\t<div class=\"elementor-widget-container\">\n\t\t\t\t\t\t\t<div class=\"elementor-template\">\n\t\t\t\t\t<div data-elementor-type=\"section\" data-elementor-id=\"15385\" class=\"elementor elementor-15385 elementor-13669 elementor-13669\" data-elementor-post-type=\"elementor_library\">\n\t\t\t<div class=\"elementor-element elementor-element-8d04967 e-flex e-con-boxed e-con e-parent\" data-id=\"8d04967\" data-element_type=\"container\" data-e-type=\"container\" data-settings=\"{&quot;background_background&quot;:&quot;classic&quot;,&quot;jet_parallax_layout_list&quot;:[]}\">\n\t\t\t\t\t<div class=\"e-con-inner\">\n\t\t\t\t<div class=\"elementor-element elementor-element-4478d97 elementor-widget__width-inherit elementor-widget elementor-widget-heading\" data-id=\"4478d97\" data-element_type=\"widget\" data-e-type=\"widget\" data-widget_type=\"heading.default\">\n\t\t\t\t<div class=\"elementor-widget-container\">\n\t\t\t\t\t<h2 class=\"elementor-heading-title elementor-size-default\">21, 22 und 23 Juni 2024<\/h2>\t\t\t\t<\/div>\n\t\t\t\t<\/div>\n\t\t\t\t<div class=\"elementor-element elementor-element-0e37c18 elementor-widget__width-inherit elementor-widget elementor-widget-heading\" data-id=\"0e37c18\" data-element_type=\"widget\" data-e-type=\"widget\" data-widget_type=\"heading.default\">\n\t\t\t\t<div class=\"elementor-widget-container\">\n\t\t\t\t\t<h2 class=\"elementor-heading-title elementor-size-default\">Entdecken Sie die Magie von<\/br>\nWestland Segelparade<\/h2>\t\t\t\t<\/div>\n\t\t\t\t<\/div>\n\t\t\t\t<div class=\"elementor-element elementor-element-9f51eb7 elementor-align-center elementor-widget__width-auto elementor-widget elementor-widget-button\" data-id=\"9f51eb7\" data-element_type=\"widget\" data-e-type=\"widget\" data-widget_type=\"button.default\">\n\t\t\t\t<div class=\"elementor-widget-container\">\n\t\t\t\t\t\t\t\t\t<div class=\"elementor-button-wrapper\">\n\t\t\t\t\t<a class=\"elementor-button elementor-button-link elementor-size-sm\" href=\"https:\/\/varendcorso.nl\/de\/planen-sie-ihren-besuch\/kreuzfahrt-route\/\">\n\t\t\t\t\t\t<span class=\"elementor-button-content-wrapper\">\n\t\t\t\t\t\t\t\t\t<span class=\"elementor-button-text\">Direkt zur Reiseroute &amp; Zeiten<\/span>\n\t\t\t\t\t<\/span>\n\t\t\t\t\t<\/a>\n\t\t\t\t<\/div>\n\t\t\t\t\t\t\t\t<\/div>\n\t\t\t\t<\/div>\n\t\t\t\t\t<\/div>\n\t\t\t\t<\/div>\n\t\t\t\t<\/div>\n\t\t\t\t<\/div>\n\t\t\t\t\t\t<\/div>\n\t\t\t\t<\/div>\n\t\t\t\t<\/div>\n\t\t<div class=\"elementor-element elementor-element-143d42b1 e-flex e-con-boxed e-con e-parent\" data-id=\"143d42b1\" data-element_type=\"container\" data-e-type=\"container\" data-settings=\"{&quot;jet_parallax_layout_list&quot;:[],&quot;background_background&quot;:&quot;classic&quot;}\">\n\t\t\t\t\t<div class=\"e-con-inner\">\n\t\t<div class=\"elementor-element elementor-element-313dcc02 e-flex e-con-boxed e-con e-child\" data-id=\"313dcc02\" data-element_type=\"container\" data-e-type=\"container\" data-settings=\"{&quot;jet_parallax_layout_list&quot;:[],&quot;sticky&quot;:&quot;top&quot;,&quot;sticky_on&quot;:[&quot;desktop&quot;,&quot;tablet&quot;,&quot;mobile&quot;],&quot;sticky_offset&quot;:0,&quot;sticky_effects_offset&quot;:0,&quot;sticky_anchor_link_offset&quot;:0}\">\n\t\t\t\t\t<div class=\"e-con-inner\">\n\t\t\t\t<div class=\"elementor-element elementor-element-5a49fc9 elementor-widget elementor-widget-image\" data-id=\"5a49fc9\" data-element_type=\"widget\" data-e-type=\"widget\" data-settings=\"{&quot;sticky&quot;:&quot;top&quot;,&quot;sticky_parent&quot;:&quot;yes&quot;,&quot;sticky_on&quot;:[&quot;desktop&quot;,&quot;tablet&quot;,&quot;mobile&quot;],&quot;sticky_offset&quot;:0,&quot;sticky_effects_offset&quot;:0,&quot;sticky_anchor_link_offset&quot;:0}\" data-widget_type=\"image.default\">\n\t\t\t\t<div class=\"elementor-widget-container\">\n\t\t\t\t\t\t\t\t\t\t\t\t\t\t\t<img decoding=\"async\" width=\"800\" height=\"534\" src=\"https:\/\/varendcorso.nl\/wp-content\/uploads\/2024\/05\/7_16-s-Gravezande-Publieksprijs--1024x683.jpg\" class=\"attachment-large size-large wp-image-15248\" alt=\"\" srcset=\"https:\/\/varendcorso.nl\/wp-content\/uploads\/2024\/05\/7_16-s-Gravezande-Publieksprijs--1024x683.jpg 1024w, https:\/\/varendcorso.nl\/wp-content\/uploads\/2024\/05\/7_16-s-Gravezande-Publieksprijs--300x200.jpg 300w, https:\/\/varendcorso.nl\/wp-content\/uploads\/2024\/05\/7_16-s-Gravezande-Publieksprijs--768x512.jpg 768w, https:\/\/varendcorso.nl\/wp-content\/uploads\/2024\/05\/7_16-s-Gravezande-Publieksprijs--1536x1024.jpg 1536w, https:\/\/varendcorso.nl\/wp-content\/uploads\/2024\/05\/7_16-s-Gravezande-Publieksprijs--2048x1365.jpg 2048w\" sizes=\"(max-width: 800px) 100vw, 800px\" \/>\t\t\t\t\t\t\t\t\t\t\t\t\t\t\t<\/div>\n\t\t\t\t<\/div>\n\t\t\t\t\t<\/div>\n\t\t\t\t<\/div>\n\t\t<div class=\"elementor-element elementor-element-2509337b e-flex e-con-boxed e-con e-child\" data-id=\"2509337b\" data-element_type=\"container\" data-e-type=\"container\" data-settings=\"{&quot;jet_parallax_layout_list&quot;:[]}\">\n\t\t\t\t\t<div class=\"e-con-inner\">\n\t\t\t\t<div class=\"elementor-element elementor-element-343f4ea5 elementor-widget elementor-widget-heading\" data-id=\"343f4ea5\" data-element_type=\"widget\" data-e-type=\"widget\" data-widget_type=\"heading.default\">\n\t\t\t\t<div class=\"elementor-widget-container\">\n\t\t\t\t\t<h2 class=\"elementor-heading-title elementor-size-default\">\u00d6ffentliche Verkehrsmittel<\/h2>\t\t\t\t<\/div>\n\t\t\t\t<\/div>\n\t\t\t\t<div class=\"elementor-element elementor-element-4234265 elementor-widget elementor-widget-text-editor\" data-id=\"4234265\" data-element_type=\"widget\" data-e-type=\"widget\" data-widget_type=\"text-editor.default\">\n\t\t\t\t<div class=\"elementor-widget-container\">\n\t\t\t\t\t\t\t\t\t<p><strong>Freitag\/Samstag\/Sonntag Standort Honselersdijk Trade Park<\/strong><br \/>Rijswijk CS &amp; Bus 130 (nach Naaldwijk Busbahnhof oder FloraHolland)<\/p>\n<p><strong>Samstag Standort Naaldwijk Dreespark<br \/><\/strong>Schiedam CS\/Delft CS mit EBS-Bus 455 oder 456 (nach Naaldwijk Busbahnhof)<\/p>\n<p><strong>Sonntag Standort Delft<br \/><\/strong>Delft CS<br \/>Vom Hauptbahnhof Delft sind es nur wenige Gehminuten bis zur Bootsroute.<\/p>\n<p><strong>Sonntags Standort Bonte Haas Wateringen<br \/><\/strong>Stra\u00dfenbahn 17\/16 von Den Haag CS\/HS (oder Rijswijk CS) &#8211; dann 15 Minuten Fu\u00dfweg<\/p>\n\t\t\t\t\t\t\t\t<\/div>\n\t\t\t\t<\/div>\n\t\t\t\t\t<\/div>\n\t\t\t\t<\/div>\n\t\t\t\t\t<\/div>\n\t\t\t\t<\/div>\n\t\t\t\t<\/div>\n\t\t","protected":false},"excerpt":{"rendered":"<p>Parken &amp; \u00f6ffentliche Verkehrsmittel Parken Besucher, die mit dem Auto nach Varend Corso Westland kommen, tun gut daran, p\u00fcnktlich loszufahren. In der Tat ist die Gegend rund um die Bootsfahrtroute w\u00e4hrend der dreit\u00e4gigen Veranstaltung sehr belebt. Delft verf\u00fcgt \u00fcber Parkh\u00e4user, in denen Sie Ihr Auto abstellen k\u00f6nnen. Westland Parkpl\u00e4tze sind an mehreren Stellen in Westland [&hellip;]<\/p>\n","protected":false},"author":1,"featured_media":15329,"parent":15356,"menu_order":0,"comment_status":"closed","ping_status":"closed","template":"","meta":{"datum":0,"footnotes":""},"pagina-category":[51],"class_list":["post-15373","page","type-page","status-publish","has-post-thumbnail","hentry","pagina-category-plan-je-bezoek-de"],"_links":{"self":[{"href":"https:\/\/varendcorso.nl\/de\/wp-json\/wp\/v2\/pages\/15373","targetHints":{"allow":["GET"]}}],"collection":[{"href":"https:\/\/varendcorso.nl\/de\/wp-json\/wp\/v2\/pages"}],"about":[{"href":"https:\/\/varendcorso.nl\/de\/wp-json\/wp\/v2\/types\/page"}],"author":[{"embeddable":true,"href":"https:\/\/varendcorso.nl\/de\/wp-json\/wp\/v2\/users\/1"}],"replies":[{"embeddable":true,"href":"https:\/\/varendcorso.nl\/de\/wp-json\/wp\/v2\/comments?post=15373"}],"version-history":[{"count":0,"href":"https:\/\/varendcorso.nl\/de\/wp-json\/wp\/v2\/pages\/15373\/revisions"}],"up":[{"embeddable":true,"href":"https:\/\/varendcorso.nl\/de\/wp-json\/wp\/v2\/pages\/15356"}],"wp:featuredmedia":[{"embeddable":true,"href":"https:\/\/varendcorso.nl\/de\/wp-json\/wp\/v2\/media\/15329"}],"wp:attachment":[{"href":"https:\/\/varendcorso.nl\/de\/wp-json\/wp\/v2\/media?parent=15373"}],"wp:term":[{"taxonomy":"pagina-category","embeddable":true,"href":"https:\/\/varendcorso.nl\/de\/wp-json\/wp\/v2\/pagina-category?post=15373"}],"curies":[{"name":"wp","href":"https:\/\/api.w.org\/{rel}","templated":true}]}}