{"id":15360,"date":"2024-05-15T07:11:07","date_gmt":"2024-05-15T05:11:07","guid":{"rendered":"https:\/\/varendcorso.webstudio.nl\/planen-sie-ihren-besuch\/aktivitaeten-waehrend-des-varend-corso\/"},"modified":"2024-06-04T12:59:59","modified_gmt":"2024-06-04T12:59:59","slug":"aktivitaeten-waehrend-des-varend-corso","status":"publish","type":"page","link":"https:\/\/varendcorso.nl\/de\/planen-sie-ihren-besuch\/aktivitaeten-waehrend-des-varend-corso\/","title":{"rendered":"Aktivit\u00e4ten w\u00e4hrend des Varend Corso"},"content":{"rendered":"\t\t<div data-elementor-type=\"wp-page\" data-elementor-id=\"15360\" class=\"elementor elementor-15360 elementor-164\" data-elementor-post-type=\"page\">\n\t\t\t\t<div class=\"elementor-element elementor-element-469ecdc e-flex e-con-boxed e-con e-parent\" data-id=\"469ecdc\" data-element_type=\"container\" data-e-type=\"container\" data-settings=\"{&quot;jet_parallax_layout_list&quot;:[]}\">\n\t\t\t\t\t<div class=\"e-con-inner\">\n\t\t\t\t<div class=\"elementor-element elementor-element-2219eb0 elementor-widget elementor-widget-heading\" data-id=\"2219eb0\" data-element_type=\"widget\" data-e-type=\"widget\" data-widget_type=\"heading.default\">\n\t\t\t\t<div class=\"elementor-widget-container\">\n\t\t\t\t\t<h2 class=\"elementor-heading-title elementor-size-default\">Aktivit\u00e4ten w\u00e4hrend des Varend Corso<\/h2>\t\t\t\t<\/div>\n\t\t\t\t<\/div>\n\t\t\t\t<div class=\"elementor-element elementor-element-9ae1d60 elementor-widget elementor-widget-text-editor\" data-id=\"9ae1d60\" data-element_type=\"widget\" data-e-type=\"widget\" data-widget_type=\"text-editor.default\">\n\t\t\t\t<div class=\"elementor-widget-container\">\n\t\t\t\t\t\t\t\t\t<p>Der Westland Varend Corso besteht nicht nur aus vorbeifahrenden Booten. Sie besteht aus mehr, denn neben der Parade finden zahlreiche Aktivit\u00e4ten am Rande statt.<\/p>\n<p>Mehr Informationen \u00fcber das Programm in K\u00fcrze!<\/p>\n\t\t\t\t\t\t\t\t<\/div>\n\t\t\t\t<\/div>\n\t\t\t\t\t<\/div>\n\t\t\t\t<\/div>\n\t\t<div class=\"elementor-element elementor-element-3e49706 e-con-full e-flex e-con e-parent\" data-id=\"3e49706\" data-element_type=\"container\" data-e-type=\"container\" data-settings=\"{&quot;jet_parallax_layout_list&quot;:[]}\">\n\t\t\t\t<div class=\"elementor-element elementor-element-efbcab4 elementor-widget__width-inherit elementor-widget elementor-widget-template\" data-id=\"efbcab4\" data-element_type=\"widget\" data-e-type=\"widget\" data-widget_type=\"template.default\">\n\t\t\t\t<div class=\"elementor-widget-container\">\n\t\t\t\t\t\t\t<div class=\"elementor-template\">\n\t\t\t\t\t<div data-elementor-type=\"section\" data-elementor-id=\"15385\" class=\"elementor elementor-15385 elementor-13669 elementor-13669\" data-elementor-post-type=\"elementor_library\">\n\t\t\t<div class=\"elementor-element elementor-element-8d04967 e-flex e-con-boxed e-con e-parent\" data-id=\"8d04967\" data-element_type=\"container\" data-e-type=\"container\" data-settings=\"{&quot;background_background&quot;:&quot;classic&quot;,&quot;jet_parallax_layout_list&quot;:[]}\">\n\t\t\t\t\t<div class=\"e-con-inner\">\n\t\t\t\t<div class=\"elementor-element elementor-element-4478d97 elementor-widget__width-inherit elementor-widget elementor-widget-heading\" data-id=\"4478d97\" data-element_type=\"widget\" data-e-type=\"widget\" data-widget_type=\"heading.default\">\n\t\t\t\t<div class=\"elementor-widget-container\">\n\t\t\t\t\t<h2 class=\"elementor-heading-title elementor-size-default\">21, 22 und 23 Juni 2024<\/h2>\t\t\t\t<\/div>\n\t\t\t\t<\/div>\n\t\t\t\t<div class=\"elementor-element elementor-element-0e37c18 elementor-widget__width-inherit elementor-widget elementor-widget-heading\" data-id=\"0e37c18\" data-element_type=\"widget\" data-e-type=\"widget\" data-widget_type=\"heading.default\">\n\t\t\t\t<div class=\"elementor-widget-container\">\n\t\t\t\t\t<h2 class=\"elementor-heading-title elementor-size-default\">Entdecken Sie die Magie von<\/br>\nWestland Segelparade<\/h2>\t\t\t\t<\/div>\n\t\t\t\t<\/div>\n\t\t\t\t<div class=\"elementor-element elementor-element-9f51eb7 elementor-align-center elementor-widget__width-auto elementor-widget elementor-widget-button\" data-id=\"9f51eb7\" data-element_type=\"widget\" data-e-type=\"widget\" data-widget_type=\"button.default\">\n\t\t\t\t<div class=\"elementor-widget-container\">\n\t\t\t\t\t\t\t\t\t<div class=\"elementor-button-wrapper\">\n\t\t\t\t\t<a class=\"elementor-button elementor-button-link elementor-size-sm\" href=\"https:\/\/varendcorso.nl\/de\/planen-sie-ihren-besuch\/kreuzfahrt-route\/\">\n\t\t\t\t\t\t<span class=\"elementor-button-content-wrapper\">\n\t\t\t\t\t\t\t\t\t<span class=\"elementor-button-text\">Direkt zur Reiseroute &amp; Zeiten<\/span>\n\t\t\t\t\t<\/span>\n\t\t\t\t\t<\/a>\n\t\t\t\t<\/div>\n\t\t\t\t\t\t\t\t<\/div>\n\t\t\t\t<\/div>\n\t\t\t\t\t<\/div>\n\t\t\t\t<\/div>\n\t\t\t\t<\/div>\n\t\t\t\t<\/div>\n\t\t\t\t\t\t<\/div>\n\t\t\t\t<\/div>\n\t\t\t\t<\/div>\n\t\t\t\t<\/div>\n\t\t","protected":false},"excerpt":{"rendered":"<p>Aktivit\u00e4ten w\u00e4hrend des Varend Corso Der Westland Varend Corso besteht nicht nur aus vorbeifahrenden Booten. Sie besteht aus mehr, denn neben der Parade finden zahlreiche Aktivit\u00e4ten am Rande statt. Mehr Informationen \u00fcber das Programm in K\u00fcrze!<\/p>\n","protected":false},"author":1,"featured_media":15304,"parent":15356,"menu_order":0,"comment_status":"closed","ping_status":"closed","template":"","meta":{"datum":0,"footnotes":""},"pagina-category":[51],"class_list":["post-15360","page","type-page","status-publish","has-post-thumbnail","hentry","pagina-category-plan-je-bezoek-de"],"_links":{"self":[{"href":"https:\/\/varendcorso.nl\/de\/wp-json\/wp\/v2\/pages\/15360","targetHints":{"allow":["GET"]}}],"collection":[{"href":"https:\/\/varendcorso.nl\/de\/wp-json\/wp\/v2\/pages"}],"about":[{"href":"https:\/\/varendcorso.nl\/de\/wp-json\/wp\/v2\/types\/page"}],"author":[{"embeddable":true,"href":"https:\/\/varendcorso.nl\/de\/wp-json\/wp\/v2\/users\/1"}],"replies":[{"embeddable":true,"href":"https:\/\/varendcorso.nl\/de\/wp-json\/wp\/v2\/comments?post=15360"}],"version-history":[{"count":0,"href":"https:\/\/varendcorso.nl\/de\/wp-json\/wp\/v2\/pages\/15360\/revisions"}],"up":[{"embeddable":true,"href":"https:\/\/varendcorso.nl\/de\/wp-json\/wp\/v2\/pages\/15356"}],"wp:featuredmedia":[{"embeddable":true,"href":"https:\/\/varendcorso.nl\/de\/wp-json\/wp\/v2\/media\/15304"}],"wp:attachment":[{"href":"https:\/\/varendcorso.nl\/de\/wp-json\/wp\/v2\/media?parent=15360"}],"wp:term":[{"taxonomy":"pagina-category","embeddable":true,"href":"https:\/\/varendcorso.nl\/de\/wp-json\/wp\/v2\/pagina-category?post=15360"}],"curies":[{"name":"wp","href":"https:\/\/api.w.org\/{rel}","templated":true}]}}