{"id":14893,"date":"2024-05-15T07:47:32","date_gmt":"2024-05-15T07:47:32","guid":{"rendered":"https:\/\/varendcorso.webstudio.nl\/spenden-sie-fuer-varend-corso-westland\/"},"modified":"2024-06-04T12:42:38","modified_gmt":"2024-06-04T12:42:38","slug":"spenden-sie-fuer-varend-corso-westland","status":"publish","type":"page","link":"https:\/\/varendcorso.nl\/de\/spenden-sie-fuer-varend-corso-westland\/","title":{"rendered":"Spenden Sie f\u00fcr Varend Corso Westland"},"content":{"rendered":"\t\t<div data-elementor-type=\"wp-page\" data-elementor-id=\"14893\" class=\"elementor elementor-14893 elementor-177\" data-elementor-post-type=\"page\">\n\t\t\t\t<div class=\"elementor-element elementor-element-3f7403e e-flex e-con-boxed e-con e-parent\" data-id=\"3f7403e\" data-element_type=\"container\" data-e-type=\"container\" data-settings=\"{&quot;jet_parallax_layout_list&quot;:[]}\">\n\t\t\t\t\t<div class=\"e-con-inner\">\n\t\t\t\t<div class=\"elementor-element elementor-element-cc2bc9d elementor-widget elementor-widget-heading\" data-id=\"cc2bc9d\" data-element_type=\"widget\" data-e-type=\"widget\" data-widget_type=\"heading.default\">\n\t\t\t\t<div class=\"elementor-widget-container\">\n\t\t\t\t\t<h2 class=\"elementor-heading-title elementor-size-default\">Spenden Sie f\u00fcr Varend Corso Westland<\/h2>\t\t\t\t<\/div>\n\t\t\t\t<\/div>\n\t\t\t\t\t<\/div>\n\t\t\t\t<\/div>\n\t\t<div class=\"elementor-element elementor-element-c74f866 e-flex e-con-boxed e-con e-parent\" data-id=\"c74f866\" data-element_type=\"container\" data-e-type=\"container\" data-settings=\"{&quot;jet_parallax_layout_list&quot;:[]}\">\n\t\t\t\t\t<div class=\"e-con-inner\">\n\t\t\t\t<div class=\"elementor-element elementor-element-7f7ec9c elementor-widget elementor-widget-text-editor\" data-id=\"7f7ec9c\" data-element_type=\"widget\" data-e-type=\"widget\" data-widget_type=\"text-editor.default\">\n\t\t\t\t<div class=\"elementor-widget-container\">\n\t\t\t\t\t\t\t\t\t<p>Auch als Zuschauer k\u00f6nnen Sie Ihren Beitrag zur Parade leisten. Jedes Jahr sammelt Scouting Naaldwijk Geld mit der Aktion Duit voor een Schuit aan de watererkant. Eine \u00e4u\u00dferst erfolgreiche Kampagne, die die \u00d6ffentlichkeit seit Jahren zu einem ihrer wichtigsten Partner macht. Haben Sie die Action an der Waterfront verpasst? Spenden Sie \u00fcber den unten stehenden Link!<\/p>\n\t\t\t\t\t\t\t\t<\/div>\n\t\t\t\t<\/div>\n\t\t\t\t\t<\/div>\n\t\t\t\t<\/div>\n\t\t<div class=\"elementor-element elementor-element-8b1f19b e-flex e-con-boxed e-con e-parent\" data-id=\"8b1f19b\" data-element_type=\"container\" data-e-type=\"container\" data-settings=\"{&quot;jet_parallax_layout_list&quot;:[]}\">\n\t\t\t\t\t<div class=\"e-con-inner\">\n\t\t<div class=\"elementor-element elementor-element-634b4b4 e-con-full e-flex e-con e-child\" data-id=\"634b4b4\" data-element_type=\"container\" data-e-type=\"container\" data-settings=\"{&quot;jet_parallax_layout_list&quot;:[]}\">\n\t\t\t\t<div class=\"elementor-element elementor-element-fdf3511 elementor-widget elementor-widget-button\" data-id=\"fdf3511\" data-element_type=\"widget\" data-e-type=\"widget\" data-widget_type=\"button.default\">\n\t\t\t\t<div class=\"elementor-widget-container\">\n\t\t\t\t\t\t\t\t\t<div class=\"elementor-button-wrapper\">\n\t\t\t\t\t<a class=\"elementor-button elementor-button-link elementor-size-sm\" href=\"https:\/\/qrcode.ideal.nl\/qr7.ideal.nl\/615746ee-c7cc-4c12-991a-c216e15022de\" target=\"_blank\">\n\t\t\t\t\t\t<span class=\"elementor-button-content-wrapper\">\n\t\t\t\t\t\t\t\t\t<span class=\"elementor-button-text\">Spenden Sie jetzt!<\/span>\n\t\t\t\t\t<\/span>\n\t\t\t\t\t<\/a>\n\t\t\t\t<\/div>\n\t\t\t\t\t\t\t\t<\/div>\n\t\t\t\t<\/div>\n\t\t\t\t<div class=\"elementor-element elementor-element-924da43 elementor-widget elementor-widget-text-editor\" data-id=\"924da43\" data-element_type=\"widget\" data-e-type=\"widget\" data-widget_type=\"text-editor.default\">\n\t\t\t\t<div class=\"elementor-widget-container\">\n\t\t\t\t\t\t\t\t\t<p>Die Menge kann nach Belieben angepasst werden.<\/p>\n\t\t\t\t\t\t\t\t<\/div>\n\t\t\t\t<\/div>\n\t\t\t\t<\/div>\n\t\t<div class=\"elementor-element elementor-element-d428946 e-con-full e-flex e-con e-child\" data-id=\"d428946\" data-element_type=\"container\" data-e-type=\"container\" data-settings=\"{&quot;jet_parallax_layout_list&quot;:[]}\">\n\t\t\t\t<div class=\"elementor-element elementor-element-8f2a07b elementor-widget elementor-widget-heading\" data-id=\"8f2a07b\" data-element_type=\"widget\" data-e-type=\"widget\" data-widget_type=\"heading.default\">\n\t\t\t\t<div class=\"elementor-widget-container\">\n\t\t\t\t\t<h3 class=\"elementor-heading-title elementor-size-default\">Scannen Sie den QR-Code<\/h3>\t\t\t\t<\/div>\n\t\t\t\t<\/div>\n\t\t\t\t<div class=\"elementor-element elementor-element-5a9f6de elementor-widget__width-initial elementor-widget elementor-widget-image\" data-id=\"5a9f6de\" data-element_type=\"widget\" data-e-type=\"widget\" data-widget_type=\"image.default\">\n\t\t\t\t<div class=\"elementor-widget-container\">\n\t\t\t\t\t\t\t\t\t\t\t\t\t\t\t\t<a href=\"https:\/\/qrcode.ideal.nl\/qr7.ideal.nl\/615746ee-c7cc-4c12-991a-c216e15022de\" target=\"_blank\">\n\t\t\t\t\t\t\t<img fetchpriority=\"high\" decoding=\"async\" width=\"300\" height=\"300\" src=\"https:\/\/varendcorso.nl\/wp-content\/uploads\/2024\/05\/qrcode-300x300-1.png\" class=\"attachment-large size-large wp-image-14896\" alt=\"\" srcset=\"https:\/\/varendcorso.nl\/wp-content\/uploads\/2024\/05\/qrcode-300x300-1.png 300w, https:\/\/varendcorso.nl\/wp-content\/uploads\/2024\/05\/qrcode-300x300-1-150x150.png 150w\" sizes=\"(max-width: 300px) 100vw, 300px\" \/>\t\t\t\t\t\t\t\t<\/a>\n\t\t\t\t\t\t\t\t\t\t\t\t\t\t\t<\/div>\n\t\t\t\t<\/div>\n\t\t\t\t<\/div>\n\t\t\t\t\t<\/div>\n\t\t\t\t<\/div>\n\t\t\t\t<\/div>\n\t\t","protected":false},"excerpt":{"rendered":"<p>Spenden Sie f\u00fcr Varend Corso Westland Auch als Zuschauer k\u00f6nnen Sie Ihren Beitrag zur Parade leisten. Jedes Jahr sammelt Scouting Naaldwijk Geld mit der Aktion Duit voor een Schuit aan de watererkant. Eine \u00e4u\u00dferst erfolgreiche Kampagne, die die \u00d6ffentlichkeit seit Jahren zu einem ihrer wichtigsten Partner macht. Haben Sie die Action an der Waterfront verpasst? [&hellip;]<\/p>\n","protected":false},"author":1,"featured_media":14895,"parent":0,"menu_order":0,"comment_status":"closed","ping_status":"closed","template":"","meta":{"datum":0,"footnotes":""},"pagina-category":[53],"class_list":["post-14893","page","type-page","status-publish","has-post-thumbnail","hentry","pagina-category-doe-mee-de"],"_links":{"self":[{"href":"https:\/\/varendcorso.nl\/de\/wp-json\/wp\/v2\/pages\/14893","targetHints":{"allow":["GET"]}}],"collection":[{"href":"https:\/\/varendcorso.nl\/de\/wp-json\/wp\/v2\/pages"}],"about":[{"href":"https:\/\/varendcorso.nl\/de\/wp-json\/wp\/v2\/types\/page"}],"author":[{"embeddable":true,"href":"https:\/\/varendcorso.nl\/de\/wp-json\/wp\/v2\/users\/1"}],"replies":[{"embeddable":true,"href":"https:\/\/varendcorso.nl\/de\/wp-json\/wp\/v2\/comments?post=14893"}],"version-history":[{"count":0,"href":"https:\/\/varendcorso.nl\/de\/wp-json\/wp\/v2\/pages\/14893\/revisions"}],"wp:featuredmedia":[{"embeddable":true,"href":"https:\/\/varendcorso.nl\/de\/wp-json\/wp\/v2\/media\/14895"}],"wp:attachment":[{"href":"https:\/\/varendcorso.nl\/de\/wp-json\/wp\/v2\/media?parent=14893"}],"wp:term":[{"taxonomy":"pagina-category","embeddable":true,"href":"https:\/\/varendcorso.nl\/de\/wp-json\/wp\/v2\/pagina-category?post=14893"}],"curies":[{"name":"wp","href":"https:\/\/api.w.org\/{rel}","templated":true}]}}